{"id":445,"date":"2023-12-15T18:50:06","date_gmt":"2023-12-15T17:50:06","guid":{"rendered":"https:\/\/blopezartist.com\/?page_id=445"},"modified":"2024-01-13T12:14:29","modified_gmt":"2024-01-13T11:14:29","slug":"artista-disenadora-apasionada-blopez","status":"publish","type":"page","link":"https:\/\/blopezartist.com\/index.php\/artista-disenadora-apasionada-blopez\/","title":{"rendered":"Sobre m\u00ed"},"content":{"rendered":"<p>[et_pb_section fb_built=&#8221;1&#8243; admin_label=&#8221;Header&#8221; _builder_version=&#8221;4.23.4&#8243; _module_preset=&#8221;default&#8221; background_color=&#8221;RGBA(255,255,255,0)&#8221; use_background_color_gradient=&#8221;on&#8221; background_color_gradient_direction=&#8221;90deg&#8221; background_color_gradient_stops=&#8221;#9ba9f1 0%|rgba(160, 173, 241, 0.95) 34%|rgba(167, 179, 241, 0.88) 60%|rgba(180, 190, 241, 0.76) 81%|rgba(233,235,242,0.24) 100%|rgba(207, 213, 242, 0.5) 100%&#8221; background_color_gradient_overlays_image=&#8221;on&#8221; background_image=&#8221;https:\/\/blopezartist.com\/wp-content\/uploads\/2024\/01\/artista-y-disenadora-apasionada.jpeg&#8221; custom_padding=&#8221;6vw||6vw||true|false&#8221; collapsed=&#8221;off&#8221; global_colors_info=&#8221;{%22gcid-1f519274-0a72-45d8-8578-e31fbdc93f8d%22:%91%22background_color_gradient_stops%22%93}&#8221;][et_pb_row column_structure=&#8221;2_3,1_3&#8243; _builder_version=&#8221;4.20.0&#8243; _module_preset=&#8221;default&#8221; custom_padding=&#8221;128px||4px|||&#8221; global_colors_info=&#8221;{}&#8221;][et_pb_column type=&#8221;2_3&#8243; _builder_version=&#8221;4.20.0&#8243; _module_preset=&#8221;default&#8221; global_colors_info=&#8221;{}&#8221;][et_pb_text _builder_version=&#8221;4.23.4&#8243; _module_preset=&#8221;0a1aa9f5-eb98-4a59-b42c-04cd9c4461b5&#8243; header_font=&#8221;Montserrat|600|||||||&#8221; header_text_color=&#8221;#e9ebf2&#8243; header_text_color_tablet=&#8221;#e9ebf2&#8243; header_text_color_phone=&#8221;#e9ebf2&#8243; header_text_color_last_edited=&#8221;on|desktop&#8221; header_font_size_tablet=&#8221;&#8221; header_font_size_phone=&#8221;35px&#8221; header_font_size_last_edited=&#8221;on|phone&#8221; global_colors_info=&#8221;{}&#8221;]<\/p>\n<h1>Artista y dise\u00f1adora apasionada<\/h1>\n<p>[\/et_pb_text][et_pb_text _builder_version=&#8221;4.23.4&#8243; _module_preset=&#8221;default&#8221; text_font=&#8221;Montserrat|300|||||||&#8221; text_text_color=&#8221;#e9ebf2&#8243; text_font_size=&#8221;20px&#8221; text_font_size_tablet=&#8221;20px&#8221; text_font_size_phone=&#8221;17px&#8221; text_font_size_last_edited=&#8221;on|phone&#8221; global_colors_info=&#8221;{}&#8221;]<\/p>\n<p><span>\u00a1Hola! Soy Andrea Bornstein L\u00f3pez, artista y dise\u00f1adora digital con una pasi\u00f3n desbordante por la creatividad visual. Mi enfoque \u00fanico se refleja en cada proyecto de mi portfolio, donde fusiono arte y dise\u00f1o para crear experiencias visuales memorables. <\/span><\/p>\n<p><span>Descubre m\u00e1s sobre mi trayectoria, inspiraciones y visi\u00f3n creativa mientras exploras mi mundo digital. <strong>\u00a1Bienvenido a mi espacio creativo, donde la innovaci\u00f3n y la expresi\u00f3n se entrelazan!<\/strong><\/span><\/p>\n<p>[\/et_pb_text][et_pb_button button_url=&#8221;https:\/\/blopezartist.com\/index.php\/servicios\/&#8221; button_text=&#8221;MIS SERVICIOS&#8221; _builder_version=&#8221;4.23.4&#8243; _module_preset=&#8221;default&#8221; custom_button=&#8221;on&#8221; button_text_color=&#8221;#e9ebf2&#8243; button_bg_color=&#8221;RGBA(255,255,255,0)&#8221; button_border_radius=&#8221;10px&#8221; button_font=&#8221;Montserrat|500|||||||&#8221; global_colors_info=&#8221;{}&#8221;][\/et_pb_button][\/et_pb_column][et_pb_column type=&#8221;1_3&#8243; _builder_version=&#8221;4.20.0&#8243; _module_preset=&#8221;default&#8221; global_colors_info=&#8221;{}&#8221;][\/et_pb_column][\/et_pb_row][\/et_pb_section][et_pb_section fb_built=&#8221;1&#8243; admin_label=&#8221;About quien soy&#8221; _builder_version=&#8221;4.23.4&#8243; _module_preset=&#8221;default&#8221; background_color=&#8221;RGBA(255,255,255,0)&#8221; use_background_color_gradient=&#8221;on&#8221; background_color_gradient_stops=&#8221;#9ba9f1 1%|#e9ebf2 100%&#8221; min_height=&#8221;889px&#8221; overflow-x=&#8221;hidden&#8221; overflow-y=&#8221;hidden&#8221; custom_margin=&#8221;-1px|||||&#8221; custom_padding=&#8221;0px||8px||false|false&#8221; collapsed=&#8221;off&#8221; global_colors_info=&#8221;{}&#8221;][et_pb_row column_structure=&#8221;1_2,1_2&#8243; custom_padding_last_edited=&#8221;on|tablet&#8221; _builder_version=&#8221;4.23.4&#8243; _module_preset=&#8221;default&#8221; custom_padding=&#8221;60px|60px|60px|60px|true|true&#8221; custom_padding_tablet=&#8221;30px|30px|30px|30px|true|true&#8221; custom_padding_phone=&#8221;46px|20px|46px|20px|true|true&#8221; border_color_all=&#8221;gcid-97182601-61ab-4626-954a-29b0757ae92a&#8221; global_colors_info=&#8221;{%22gcid-97182601-61ab-4626-954a-29b0757ae92a%22:%91%22border_color_all%22%93}&#8221;][et_pb_column type=&#8221;1_2&#8243; _builder_version=&#8221;4.20.0&#8243; _module_preset=&#8221;default&#8221; global_colors_info=&#8221;{}&#8221;][et_pb_text _builder_version=&#8221;4.23.4&#8243; _module_preset=&#8221;0aa8182e-e3c3-488c-8eb1-ef8d1616338c&#8221; header_font=&#8221;|600|||||||&#8221; header_2_font=&#8221;|600|||||||&#8221; header_2_text_color=&#8221;#3851dc&#8221; custom_margin=&#8221;||-1px|||&#8221; header_2_font_size_phone=&#8221;30px&#8221; global_colors_info=&#8221;{}&#8221;]<\/p>\n<h2 style=\"text-align: left;\">Sobre Blopez<\/h2>\n<p>[\/et_pb_text][et_pb_text _builder_version=&#8221;4.23.4&#8243; _module_preset=&#8221;deb6b874-3482-4aa5-bc68-652afb1c18eb&#8221; text_font=&#8221;Montserrat||||||||&#8221; text_font_size=&#8221;17px&#8221; global_colors_info=&#8221;{}&#8221;]<\/p>\n<p><span>Estudiante del doble <strong>grado de Bellas Artes y Dise\u00f1o Digital y Multimedia<\/strong> en la Universidad de Antonio de Nebrija, mi camino creativo ha sido un viaje diverso que fusiona la expresi\u00f3n art\u00edstica con las tecnolog\u00edas digitales. Con ra\u00edces en Ingenier\u00eda Industrial en la Universidad Pontificia de Comillas, he cultivado una <strong>perspectiva \u00fanica y una habilidad para combinar la creatividad con la l\u00f3gica<\/strong>.<\/span><\/p>\n<p><span>Mi pasi\u00f3n por el arte y el dise\u00f1o se refleja en cada proyecto, donde <strong>transformo ideas en experiencias visuales significativas.<\/strong> Dotada de habilidades t\u00e9cnicas y una mentalidad creativa, disfruto trabajando en equipo para llevar a cabo proyectos que desaf\u00eden los l\u00edmites de la innovaci\u00f3n y la est\u00e9tica. <\/span><\/p>\n<p><strong>\u00a1Explora mi portfolio y descubre c\u00f3mo mi formaci\u00f3n y habilidades se entrelazan para crear un enfoque distintivo en el mundo del arte y el dise\u00f1o!<\/strong><\/p>\n<p>[\/et_pb_text][\/et_pb_column][et_pb_column type=&#8221;1_2&#8243; _builder_version=&#8221;4.20.0&#8243; _module_preset=&#8221;default&#8221; global_colors_info=&#8221;{}&#8221;][et_pb_text _builder_version=&#8221;4.23.4&#8243; _module_preset=&#8221;0aa8182e-e3c3-488c-8eb1-ef8d1616338c&#8221; custom_padding=&#8221;||23px|||&#8221; global_colors_info=&#8221;{}&#8221;][\/et_pb_text][et_pb_image src=&#8221;https:\/\/blopezartist.com\/wp-content\/uploads\/2024\/01\/artista-disenadora-nebrija-scaled.jpeg&#8221; alt=&#8221;artista-dise\u00f1adora-nebrija&#8221; title_text=&#8221;artista-dise\u00f1adora-nebrija&#8221; _builder_version=&#8221;4.23.4&#8243; _module_preset=&#8221;default&#8221; box_shadow_style=&#8221;preset2&#8243; box_shadow_horizontal=&#8221;17px&#8221; box_shadow_vertical=&#8221;12px&#8221; box_shadow_blur=&#8221;30px&#8221; box_shadow_color=&#8221;#6c7dd9&#8243; global_colors_info=&#8221;{}&#8221;][\/et_pb_image][\/et_pb_column][\/et_pb_row][\/et_pb_section][et_pb_section fb_built=&#8221;1&#8243; admin_label=&#8221;About objetivos&#8221; _builder_version=&#8221;4.23.4&#8243; _module_preset=&#8221;default&#8221; background_color=&#8221;RGBA(255,255,255,0)&#8221; use_background_color_gradient=&#8221;on&#8221; background_color_gradient_stops=&#8221;#e9ebf2 0%|#9ba9f1 100%&#8221; min_height=&#8221;889px&#8221; overflow-x=&#8221;hidden&#8221; overflow-y=&#8221;hidden&#8221; custom_margin=&#8221;-1px|||||&#8221; custom_padding=&#8221;1px||1px||false|false&#8221; collapsed=&#8221;off&#8221; global_colors_info=&#8221;{}&#8221;][et_pb_row column_structure=&#8221;1_2,1_2&#8243; custom_padding_last_edited=&#8221;on|tablet&#8221; _builder_version=&#8221;4.23.4&#8243; _module_preset=&#8221;default&#8221; custom_padding=&#8221;1px|60px|1px|60px|true|true&#8221; custom_padding_tablet=&#8221;30px|30px|30px|30px|true|true&#8221; custom_padding_phone=&#8221;3px|20px|3px|20px|true|true&#8221; border_color_all=&#8221;gcid-97182601-61ab-4626-954a-29b0757ae92a&#8221; global_colors_info=&#8221;{%22gcid-97182601-61ab-4626-954a-29b0757ae92a%22:%91%22border_color_all%22%93}&#8221;][et_pb_column type=&#8221;1_2&#8243; _builder_version=&#8221;4.20.0&#8243; _module_preset=&#8221;default&#8221; global_colors_info=&#8221;{}&#8221;][et_pb_text _builder_version=&#8221;4.23.4&#8243; _module_preset=&#8221;0aa8182e-e3c3-488c-8eb1-ef8d1616338c&#8221; header_font=&#8221;|600|||||||&#8221; header_2_font=&#8221;|600|||||||&#8221; header_2_text_color=&#8221;#3851dc&#8221; min_height=&#8221;20px&#8221; custom_margin=&#8221;||-1px|||&#8221; custom_padding=&#8221;||0px|||&#8221; header_2_font_size_phone=&#8221;30px&#8221; global_colors_info=&#8221;{}&#8221;][\/et_pb_text][et_pb_image src=&#8221;https:\/\/blopezartist.com\/wp-content\/uploads\/2024\/01\/artista-apasionada-arte-scaled.jpeg&#8221; alt=&#8221;artista-apasionada-arte&#8221; title_text=&#8221;artista-apasionada-arte&#8221; _builder_version=&#8221;4.23.4&#8243; _module_preset=&#8221;default&#8221; background_color=&#8221;RGBA(255,255,255,0)&#8221; custom_padding=&#8221;28px|||||&#8221; box_shadow_style=&#8221;preset2&#8243; box_shadow_horizontal=&#8221;17px&#8221; box_shadow_vertical=&#8221;33px&#8221; box_shadow_blur=&#8221;30px&#8221; box_shadow_spread=&#8221;-17px&#8221; box_shadow_color=&#8221;#6c7dd9&#8243; global_colors_info=&#8221;{}&#8221;][\/et_pb_image][\/et_pb_column][et_pb_column type=&#8221;1_2&#8243; _builder_version=&#8221;4.20.0&#8243; _module_preset=&#8221;default&#8221; global_colors_info=&#8221;{}&#8221;][et_pb_text _builder_version=&#8221;4.23.4&#8243; _module_preset=&#8221;0aa8182e-e3c3-488c-8eb1-ef8d1616338c&#8221; header_font=&#8221;|600|||||||&#8221; header_2_font=&#8221;|600|||||||&#8221; header_2_text_color=&#8221;#3851dc&#8221; custom_margin=&#8221;||-1px|||&#8221; custom_padding=&#8221;9px|||||&#8221; header_2_font_size_phone=&#8221;30px&#8221; global_colors_info=&#8221;{}&#8221;]<\/p>\n<h2 style=\"text-align: left;\">Principales objetivos<\/h2>\n<p>[\/et_pb_text][et_pb_text _builder_version=&#8221;4.23.4&#8243; _module_preset=&#8221;deb6b874-3482-4aa5-bc68-652afb1c18eb&#8221; text_font=&#8221;Montserrat||||||||&#8221; text_font_size=&#8221;17px&#8221; global_colors_info=&#8221;{}&#8221;]<\/p>\n<p><span>En mi camino como estudiante, me embarco en una traves\u00eda creativa con claros objetivos. <\/span><\/p>\n<p><span>Como artista y dise\u00f1adora apasionada busco <strong>fusionar la expresi\u00f3n art\u00edstica con las \u00faltimas tendencias digitales<\/strong>, creando experiencias visuales que impacten y resuenen. Mi aspiraci\u00f3n es continuar explorando nuevas formas de expresi\u00f3n art\u00edstica y dise\u00f1o innovador, <strong>llevando la creatividad a nuevos horizontes<\/strong>. <\/span><\/p>\n<p><span>A trav\u00e9s de mi trabajo, persigo la <strong>b\u00fasqueda constante de la excelencia<\/strong> y la colaboraci\u00f3n en equipos multidisciplinarios, utilizando mis habilidades para aportar una perspectiva \u00fanica a cada proyecto. <\/span><\/p>\n<p><span>Mi meta es <strong>contribuir al mundo del arte y el dise\u00f1o con innovaci\u00f3n, creatividad y una visi\u00f3n \u00fanica que inspire y deje una huella duradera<\/strong>.<\/span><\/p>\n<p>[\/et_pb_text][\/et_pb_column][\/et_pb_row][\/et_pb_section][et_pb_section fb_built=&#8221;1&#8243; admin_label=&#8221;About lo que diferencia&#8221; _builder_version=&#8221;4.23.4&#8243; _module_preset=&#8221;default&#8221; background_color=&#8221;RGBA(255,255,255,0)&#8221; use_background_color_gradient=&#8221;on&#8221; background_color_gradient_stops=&#8221;#9ba9f1 1%|#e9ebf2 100%&#8221; min_height=&#8221;910px&#8221; overflow-x=&#8221;hidden&#8221; overflow-y=&#8221;hidden&#8221; custom_margin=&#8221;-1px|||||&#8221; custom_padding=&#8221;0px||8px||false|false&#8221; collapsed=&#8221;off&#8221; global_colors_info=&#8221;{}&#8221;][et_pb_row column_structure=&#8221;1_2,1_2&#8243; custom_padding_last_edited=&#8221;on|tablet&#8221; _builder_version=&#8221;4.23.4&#8243; _module_preset=&#8221;default&#8221; custom_margin=&#8221;-3px|auto||auto||&#8221; custom_padding=&#8221;5px|60px|5px|60px|true|true&#8221; custom_padding_tablet=&#8221;30px|30px|30px|30px|true|true&#8221; custom_padding_phone=&#8221;46px|20px|46px|20px|true|true&#8221; border_color_all=&#8221;gcid-97182601-61ab-4626-954a-29b0757ae92a&#8221; global_colors_info=&#8221;{%22gcid-97182601-61ab-4626-954a-29b0757ae92a%22:%91%22border_color_all%22%93}&#8221;][et_pb_column type=&#8221;1_2&#8243; _builder_version=&#8221;4.20.0&#8243; _module_preset=&#8221;default&#8221; global_colors_info=&#8221;{}&#8221;][et_pb_text _builder_version=&#8221;4.23.4&#8243; _module_preset=&#8221;0aa8182e-e3c3-488c-8eb1-ef8d1616338c&#8221; header_font=&#8221;|600|||||||&#8221; header_2_font=&#8221;|600|||||||&#8221; header_2_text_color=&#8221;#3851dc&#8221; header_2_font_size=&#8221;38px&#8221; custom_margin=&#8221;||-1px|||&#8221; hover_enabled=&#8221;0&#8243; header_2_font_size_phone=&#8221;30px&#8221; global_colors_info=&#8221;{}&#8221; sticky_enabled=&#8221;0&#8243;]<\/p>\n<h2 style=\"text-align: left;\"><span>Descubre mi esencia \u00fanica: artista y dise\u00f1adora apasionada que trasciende los l\u00edmites<\/span><\/h2>\n<p>[\/et_pb_text][et_pb_text _builder_version=&#8221;4.23.4&#8243; _module_preset=&#8221;deb6b874-3482-4aa5-bc68-652afb1c18eb&#8221; text_font=&#8221;Montserrat||||||||&#8221; text_font_size=&#8221;17px&#8221; global_colors_info=&#8221;{}&#8221;]<\/p>\n<p><span>Mi capacidad para transformar ideas en experiencias visuales distintivas es respaldada por una dedicaci\u00f3n incansable hacia <strong>la perfecci\u00f3n y la originalidad<\/strong>. <\/span><\/p>\n<p><span>Trabajar conmigo significa tener a tu disposici\u00f3n una colaboradora apasionada que no solo abraza los desaf\u00edos, sino que los utiliza como oportunidades para superar las expectativas. <strong>La autenticidad, la innovaci\u00f3n y la calidad son las piedras angulares de cada proyecto<\/strong>, permitiendo que nuestra colaboraci\u00f3n se convierta una <strong>experiencia \u00fanica<\/strong> en el mundo del arte y el dise\u00f1o.<\/span><\/p>\n<p>[\/et_pb_text][et_pb_button button_url=&#8221;https:\/\/blopezartist.com\/index.php\/contacto\/&#8221; button_text=&#8221;Cont\u00e1cta conmigo&#8221; _builder_version=&#8221;4.23.4&#8243; _module_preset=&#8221;779f63cd-53c8-4242-a037-e63a290d45d1&#8243; button_border_width=&#8221;1px&#8221; button_border_radius=&#8221;15px&#8221; button_font=&#8221;Montserrat|||on|||||&#8221; global_colors_info=&#8221;{}&#8221;][\/et_pb_button][\/et_pb_column][et_pb_column type=&#8221;1_2&#8243; _builder_version=&#8221;4.20.0&#8243; _module_preset=&#8221;default&#8221; global_colors_info=&#8221;{}&#8221;][et_pb_text _builder_version=&#8221;4.23.4&#8243; _module_preset=&#8221;0aa8182e-e3c3-488c-8eb1-ef8d1616338c&#8221; custom_padding=&#8221;||23px|||&#8221; global_colors_info=&#8221;{}&#8221;][\/et_pb_text][et_pb_image src=&#8221;https:\/\/blopezartist.com\/wp-content\/uploads\/2024\/01\/artista-apasionada-ilustracion.png&#8221; alt=&#8221;artista-apasionada-ilustraci\u00f3n&#8221; title_text=&#8221;artista-apasionada-ilustraci\u00f3n&#8221; _builder_version=&#8221;4.23.4&#8243; _module_preset=&#8221;default&#8221; hover_enabled=&#8221;0&#8243; box_shadow_style=&#8221;preset2&#8243; box_shadow_horizontal=&#8221;17px&#8221; box_shadow_vertical=&#8221;12px&#8221; box_shadow_blur=&#8221;30px&#8221; box_shadow_color=&#8221;#6c7dd9&#8243; global_colors_info=&#8221;{}&#8221; sticky_enabled=&#8221;0&#8243;][\/et_pb_image][\/et_pb_column][\/et_pb_row][\/et_pb_section]<\/p>\n","protected":false},"excerpt":{"rendered":"<p>Artista y dise\u00f1adora apasionada\u00a1Hola! Soy Andrea Bornstein L\u00f3pez, artista y dise\u00f1adora digital con una pasi\u00f3n desbordante por la creatividad visual. Mi enfoque \u00fanico se refleja en cada proyecto de mi portfolio, donde fusiono arte y dise\u00f1o para crear experiencias visuales memorables. Descubre m\u00e1s sobre mi trayectoria, inspiraciones y visi\u00f3n creativa mientras exploras mi mundo digital. [&hellip;]<\/p>\n","protected":false},"author":1,"featured_media":0,"parent":0,"menu_order":0,"comment_status":"closed","ping_status":"closed","template":"","meta":{"_et_pb_use_builder":"on","_et_pb_old_content":"<!-- wp:divi\/placeholder \/-->","_et_gb_content_width":"","_background_id":0,"_xo_background":[],"footnotes":""},"class_list":["post-445","page","type-page","status-publish","hentry"],"yoast_head":"<!-- This site is optimized with the Yoast SEO plugin v21.8 - https:\/\/yoast.com\/wordpress\/plugins\/seo\/ -->\n<title>Artista y dise\u00f1adora apasionada: Blopez<\/title>\n<meta name=\"description\" content=\"Explora el perfil de una artista y dise\u00f1adora apasionada. Descubre m\u00e1s acerca de mi historia llena de creatividad e innovaci\u00f3n.\" \/>\n<meta name=\"robots\" content=\"index, follow, max-snippet:-1, max-image-preview:large, max-video-preview:-1\" \/>\n<link rel=\"canonical\" href=\"https:\/\/blopezartist.com\/index.php\/artista-disenadora-apasionada-blopez\/\" \/>\n<meta property=\"og:locale\" content=\"en_US\" \/>\n<meta property=\"og:type\" content=\"article\" \/>\n<meta property=\"og:title\" content=\"Artista y dise\u00f1adora apasionada: Blopez\" \/>\n<meta property=\"og:description\" content=\"Explora el perfil de una artista y dise\u00f1adora apasionada. Descubre m\u00e1s acerca de mi historia llena de creatividad e innovaci\u00f3n.\" \/>\n<meta property=\"og:url\" content=\"https:\/\/blopezartist.com\/index.php\/artista-disenadora-apasionada-blopez\/\" \/>\n<meta property=\"og:site_name\" content=\"Blopez\" \/>\n<meta property=\"article:modified_time\" content=\"2024-01-13T11:14:29+00:00\" \/>\n<meta name=\"twitter:card\" content=\"summary_large_image\" \/>\n<meta name=\"twitter:label1\" content=\"Est. reading time\" \/>\n\t<meta name=\"twitter:data1\" content=\"2 minutes\" \/>\n<script type=\"application\/ld+json\" class=\"yoast-schema-graph\">{\"@context\":\"https:\/\/schema.org\",\"@graph\":[{\"@type\":\"WebPage\",\"@id\":\"https:\/\/blopezartist.com\/index.php\/artista-disenadora-apasionada-blopez\/\",\"url\":\"https:\/\/blopezartist.com\/index.php\/artista-disenadora-apasionada-blopez\/\",\"name\":\"Artista y dise\u00f1adora apasionada: Blopez\",\"isPartOf\":{\"@id\":\"https:\/\/blopezartist.com\/#website\"},\"datePublished\":\"2023-12-15T17:50:06+00:00\",\"dateModified\":\"2024-01-13T11:14:29+00:00\",\"description\":\"Explora el perfil de una artista y dise\u00f1adora apasionada. Descubre m\u00e1s acerca de mi historia llena de creatividad e innovaci\u00f3n.\",\"breadcrumb\":{\"@id\":\"https:\/\/blopezartist.com\/index.php\/artista-disenadora-apasionada-blopez\/#breadcrumb\"},\"inLanguage\":\"en-US\",\"potentialAction\":[{\"@type\":\"ReadAction\",\"target\":[\"https:\/\/blopezartist.com\/index.php\/artista-disenadora-apasionada-blopez\/\"]}]},{\"@type\":\"BreadcrumbList\",\"@id\":\"https:\/\/blopezartist.com\/index.php\/artista-disenadora-apasionada-blopez\/#breadcrumb\",\"itemListElement\":[{\"@type\":\"ListItem\",\"position\":1,\"name\":\"Portada\",\"item\":\"https:\/\/blopezartist.com\/\"},{\"@type\":\"ListItem\",\"position\":2,\"name\":\"Sobre m\u00ed\"}]},{\"@type\":\"WebSite\",\"@id\":\"https:\/\/blopezartist.com\/#website\",\"url\":\"https:\/\/blopezartist.com\/\",\"name\":\"Blopez\",\"description\":\"Portafolio\",\"potentialAction\":[{\"@type\":\"SearchAction\",\"target\":{\"@type\":\"EntryPoint\",\"urlTemplate\":\"https:\/\/blopezartist.com\/?s={search_term_string}\"},\"query-input\":\"required name=search_term_string\"}],\"inLanguage\":\"en-US\"}]}<\/script>\n<!-- \/ Yoast SEO plugin. -->","yoast_head_json":{"title":"Artista y dise\u00f1adora apasionada: Blopez","description":"Explora el perfil de una artista y dise\u00f1adora apasionada. Descubre m\u00e1s acerca de mi historia llena de creatividad e innovaci\u00f3n.","robots":{"index":"index","follow":"follow","max-snippet":"max-snippet:-1","max-image-preview":"max-image-preview:large","max-video-preview":"max-video-preview:-1"},"canonical":"https:\/\/blopezartist.com\/index.php\/artista-disenadora-apasionada-blopez\/","og_locale":"en_US","og_type":"article","og_title":"Artista y dise\u00f1adora apasionada: Blopez","og_description":"Explora el perfil de una artista y dise\u00f1adora apasionada. Descubre m\u00e1s acerca de mi historia llena de creatividad e innovaci\u00f3n.","og_url":"https:\/\/blopezartist.com\/index.php\/artista-disenadora-apasionada-blopez\/","og_site_name":"Blopez","article_modified_time":"2024-01-13T11:14:29+00:00","twitter_card":"summary_large_image","twitter_misc":{"Est. reading time":"2 minutes"},"schema":{"@context":"https:\/\/schema.org","@graph":[{"@type":"WebPage","@id":"https:\/\/blopezartist.com\/index.php\/artista-disenadora-apasionada-blopez\/","url":"https:\/\/blopezartist.com\/index.php\/artista-disenadora-apasionada-blopez\/","name":"Artista y dise\u00f1adora apasionada: Blopez","isPartOf":{"@id":"https:\/\/blopezartist.com\/#website"},"datePublished":"2023-12-15T17:50:06+00:00","dateModified":"2024-01-13T11:14:29+00:00","description":"Explora el perfil de una artista y dise\u00f1adora apasionada. Descubre m\u00e1s acerca de mi historia llena de creatividad e innovaci\u00f3n.","breadcrumb":{"@id":"https:\/\/blopezartist.com\/index.php\/artista-disenadora-apasionada-blopez\/#breadcrumb"},"inLanguage":"en-US","potentialAction":[{"@type":"ReadAction","target":["https:\/\/blopezartist.com\/index.php\/artista-disenadora-apasionada-blopez\/"]}]},{"@type":"BreadcrumbList","@id":"https:\/\/blopezartist.com\/index.php\/artista-disenadora-apasionada-blopez\/#breadcrumb","itemListElement":[{"@type":"ListItem","position":1,"name":"Portada","item":"https:\/\/blopezartist.com\/"},{"@type":"ListItem","position":2,"name":"Sobre m\u00ed"}]},{"@type":"WebSite","@id":"https:\/\/blopezartist.com\/#website","url":"https:\/\/blopezartist.com\/","name":"Blopez","description":"Portafolio","potentialAction":[{"@type":"SearchAction","target":{"@type":"EntryPoint","urlTemplate":"https:\/\/blopezartist.com\/?s={search_term_string}"},"query-input":"required name=search_term_string"}],"inLanguage":"en-US"}]}},"_links":{"self":[{"href":"https:\/\/blopezartist.com\/index.php\/wp-json\/wp\/v2\/pages\/445","targetHints":{"allow":["GET"]}}],"collection":[{"href":"https:\/\/blopezartist.com\/index.php\/wp-json\/wp\/v2\/pages"}],"about":[{"href":"https:\/\/blopezartist.com\/index.php\/wp-json\/wp\/v2\/types\/page"}],"author":[{"embeddable":true,"href":"https:\/\/blopezartist.com\/index.php\/wp-json\/wp\/v2\/users\/1"}],"replies":[{"embeddable":true,"href":"https:\/\/blopezartist.com\/index.php\/wp-json\/wp\/v2\/comments?post=445"}],"version-history":[{"count":27,"href":"https:\/\/blopezartist.com\/index.php\/wp-json\/wp\/v2\/pages\/445\/revisions"}],"predecessor-version":[{"id":884,"href":"https:\/\/blopezartist.com\/index.php\/wp-json\/wp\/v2\/pages\/445\/revisions\/884"}],"wp:attachment":[{"href":"https:\/\/blopezartist.com\/index.php\/wp-json\/wp\/v2\/media?parent=445"}],"curies":[{"name":"wp","href":"https:\/\/api.w.org\/{rel}","templated":true}]}}