{"id":660,"date":"2024-01-11T20:52:48","date_gmt":"2024-01-11T19:52:48","guid":{"rendered":"https:\/\/blopezartist.com\/?page_id=660"},"modified":"2024-01-13T13:09:26","modified_gmt":"2024-01-13T12:09:26","slug":"contacto-explorando-oportunidades-creativas","status":"publish","type":"page","link":"https:\/\/blopezartist.com\/index.php\/contacto-explorando-oportunidades-creativas\/","title":{"rendered":"Contacto"},"content":{"rendered":"<p>[et_pb_section fb_built=&#8221;1&#8243; admin_label=&#8221;Header&#8221; _builder_version=&#8221;4.23.4&#8243; _module_preset=&#8221;default&#8221; background_color=&#8221;RGBA(255,255,255,0)&#8221; use_background_color_gradient=&#8221;on&#8221; background_color_gradient_stops=&#8221;#9ba9f1 0%|#e9ebf2 100%&#8221; min_height=&#8221;792.3px&#8221; custom_padding=&#8221;||50px||false|false&#8221; global_colors_info=&#8221;{}&#8221;][et_pb_row column_structure=&#8221;1_2,1_2&#8243; _builder_version=&#8221;4.16&#8243; _module_preset=&#8221;default&#8221; custom_padding=&#8221;0px||2px||false|false&#8221; global_colors_info=&#8221;{}&#8221;][et_pb_column type=&#8221;1_2&#8243; _builder_version=&#8221;4.16&#8243; _module_preset=&#8221;default&#8221; custom_padding=&#8221;7vw||||false|false&#8221; custom_padding_tablet=&#8221;0vw||||false|false&#8221; custom_padding_phone=&#8221;&#8221; custom_padding_last_edited=&#8221;on|tablet&#8221; global_colors_info=&#8221;{}&#8221;][et_pb_text _builder_version=&#8221;4.23.4&#8243; _module_preset=&#8221;b53a70bb-9f62-4ee5-b34f-c7a321ddbf6c&#8221; header_font=&#8221;Montserrat|600|||||||&#8221; header_text_color=&#8221;#3851dc&#8221; header_font_size=&#8221;36px&#8221; header_letter_spacing=&#8221;-0.01em&#8221; header_line_height=&#8221;1.1em&#8221; header_2_font=&#8221;Montserrat||||||||&#8221; header_2_font_size=&#8221;16px&#8221; custom_margin=&#8221;||0px||false|false&#8221; header_font_size_tablet=&#8221;40px&#8221; header_font_size_phone=&#8221;24px&#8221; header_font_size_last_edited=&#8221;on|desktop&#8221; global_colors_info=&#8221;{}&#8221;]<\/p>\n<h1 style=\"text-align: left;\">Contacta conmigo y comencemos explorando oportunidades creativas \u00fanicas<\/h1>\n<p>[\/et_pb_text][et_pb_text _builder_version=&#8221;4.23.4&#8243; _module_preset=&#8221;default&#8221; text_font=&#8221;Montserrat||||||||&#8221; text_text_color=&#8221;#3851dc&#8221; text_font_size=&#8221;16px&#8221; custom_padding=&#8221;16px|||||&#8221; global_colors_info=&#8221;{}&#8221;]<\/p>\n<p><span>Las puertas a infinitas posibilidades creativas est\u00e1n abiertas.<\/span><\/p>\n<p><strong>\u00a1No esperes m\u00e1s para iniciar esta emocionante traves\u00eda creativa!<\/strong><\/p>\n<p>[\/et_pb_text][et_pb_contact_form captcha=&#8221;off&#8221; _builder_version=&#8221;4.23.4&#8243; _module_preset=&#8221;default&#8221; form_field_background_color=&#8221;RGBA(0,0,0,0)&#8221; form_field_text_color=&#8221;#3851dc&#8221; form_field_focus_background_color=&#8221;RGBA(255,255,255,0)&#8221; captcha_text_color=&#8221;RGBA(255,255,255,0)&#8221; form_field_font=&#8221;Montserrat||||||||&#8221; form_field_font_size=&#8221;16px&#8221; form_field_line_height=&#8221;1.8em&#8221; custom_button=&#8221;on&#8221; button_text_size=&#8221;14px&#8221; button_text_color=&#8221;#FFFFFF&#8221; button_bg_color=&#8221;rgba(108,125,217,0.56)&#8221; button_border_width=&#8221;0px&#8221; button_border_radius=&#8221;11px&#8221; button_font=&#8221;Montserrat|700|||||||&#8221; button_icon=&#8221;&#x24;||divi||400&#8243; button_custom_padding=&#8221;16px|40px|16px|40px|true|true&#8221; border_width_all=&#8221;1px&#8221; border_color_all=&#8221;#6c7dd9&#8243; locked=&#8221;off&#8221; global_colors_info=&#8221;{}&#8221;][et_pb_contact_field field_id=&#8221;Name&#8221; field_title=&#8221;Name&#8221; fullwidth_field=&#8221;on&#8221; _builder_version=&#8221;4.23.4&#8243; form_field_background_color=&#8221;RGBA(255,255,255,0)&#8221; form_field_text_color=&#8221;#3851dc&#8221; form_field_font=&#8221;||||||||&#8221; global_colors_info=&#8221;{}&#8221; button_text_size__hover_enabled=&#8221;off&#8221; button_one_text_size__hover_enabled=&#8221;off&#8221; button_two_text_size__hover_enabled=&#8221;off&#8221; button_text_color__hover_enabled=&#8221;off&#8221; button_one_text_color__hover_enabled=&#8221;off&#8221; button_two_text_color__hover_enabled=&#8221;off&#8221; button_border_width__hover_enabled=&#8221;off&#8221; button_one_border_width__hover_enabled=&#8221;off&#8221; button_two_border_width__hover_enabled=&#8221;off&#8221; button_border_color__hover_enabled=&#8221;off&#8221; button_one_border_color__hover_enabled=&#8221;off&#8221; button_two_border_color__hover_enabled=&#8221;off&#8221; button_border_radius__hover_enabled=&#8221;off&#8221; button_one_border_radius__hover_enabled=&#8221;off&#8221; button_two_border_radius__hover_enabled=&#8221;off&#8221; button_letter_spacing__hover_enabled=&#8221;off&#8221; button_one_letter_spacing__hover_enabled=&#8221;off&#8221; button_two_letter_spacing__hover_enabled=&#8221;off&#8221; button_bg_color__hover_enabled=&#8221;off&#8221; button_one_bg_color__hover_enabled=&#8221;off&#8221; button_two_bg_color__hover_enabled=&#8221;off&#8221;][\/et_pb_contact_field][et_pb_contact_field field_id=&#8221;Email&#8221; field_title=&#8221;Email Address&#8221; field_type=&#8221;email&#8221; fullwidth_field=&#8221;on&#8221; _builder_version=&#8221;4.16&#8243; global_colors_info=&#8221;{}&#8221; button_text_size__hover_enabled=&#8221;off&#8221; button_one_text_size__hover_enabled=&#8221;off&#8221; button_two_text_size__hover_enabled=&#8221;off&#8221; button_text_color__hover_enabled=&#8221;off&#8221; button_one_text_color__hover_enabled=&#8221;off&#8221; button_two_text_color__hover_enabled=&#8221;off&#8221; button_border_width__hover_enabled=&#8221;off&#8221; button_one_border_width__hover_enabled=&#8221;off&#8221; button_two_border_width__hover_enabled=&#8221;off&#8221; button_border_color__hover_enabled=&#8221;off&#8221; button_one_border_color__hover_enabled=&#8221;off&#8221; button_two_border_color__hover_enabled=&#8221;off&#8221; button_border_radius__hover_enabled=&#8221;off&#8221; button_one_border_radius__hover_enabled=&#8221;off&#8221; button_two_border_radius__hover_enabled=&#8221;off&#8221; button_letter_spacing__hover_enabled=&#8221;off&#8221; button_one_letter_spacing__hover_enabled=&#8221;off&#8221; button_two_letter_spacing__hover_enabled=&#8221;off&#8221; button_bg_color__hover_enabled=&#8221;off&#8221; button_one_bg_color__hover_enabled=&#8221;off&#8221; button_two_bg_color__hover_enabled=&#8221;off&#8221;][\/et_pb_contact_field][et_pb_contact_field field_id=&#8221;Message&#8221; field_title=&#8221;Message&#8221; field_type=&#8221;text&#8221; fullwidth_field=&#8221;on&#8221; _builder_version=&#8221;4.16&#8243; global_colors_info=&#8221;{}&#8221; button_text_size__hover_enabled=&#8221;off&#8221; button_one_text_size__hover_enabled=&#8221;off&#8221; button_two_text_size__hover_enabled=&#8221;off&#8221; button_text_color__hover_enabled=&#8221;off&#8221; button_one_text_color__hover_enabled=&#8221;off&#8221; button_two_text_color__hover_enabled=&#8221;off&#8221; button_border_width__hover_enabled=&#8221;off&#8221; button_one_border_width__hover_enabled=&#8221;off&#8221; button_two_border_width__hover_enabled=&#8221;off&#8221; button_border_color__hover_enabled=&#8221;off&#8221; button_one_border_color__hover_enabled=&#8221;off&#8221; button_two_border_color__hover_enabled=&#8221;off&#8221; button_border_radius__hover_enabled=&#8221;off&#8221; button_one_border_radius__hover_enabled=&#8221;off&#8221; button_two_border_radius__hover_enabled=&#8221;off&#8221; button_letter_spacing__hover_enabled=&#8221;off&#8221; button_one_letter_spacing__hover_enabled=&#8221;off&#8221; button_two_letter_spacing__hover_enabled=&#8221;off&#8221; button_bg_color__hover_enabled=&#8221;off&#8221; button_one_bg_color__hover_enabled=&#8221;off&#8221; button_two_bg_color__hover_enabled=&#8221;off&#8221;][\/et_pb_contact_field][\/et_pb_contact_form][\/et_pb_column][et_pb_column type=&#8221;1_2&#8243; _builder_version=&#8221;4.16&#8243; _module_preset=&#8221;default&#8221; global_colors_info=&#8221;{}&#8221;][\/et_pb_column][\/et_pb_row][\/et_pb_section]<\/p>\n","protected":false},"excerpt":{"rendered":"<p>Contacta conmigo y comencemos explorando oportunidades creativas \u00fanicasLas puertas a infinitas posibilidades creativas est\u00e1n abiertas. \u00a1No esperes m\u00e1s para iniciar esta emocionante traves\u00eda creativa!<\/p>\n","protected":false},"author":1,"featured_media":0,"parent":0,"menu_order":0,"comment_status":"closed","ping_status":"closed","template":"","meta":{"_et_pb_use_builder":"on","_et_pb_old_content":"","_et_gb_content_width":"","_background_id":0,"_xo_background":[],"footnotes":""},"class_list":["post-660","page","type-page","status-publish","hentry"],"yoast_head":"<!-- This site is optimized with the Yoast SEO plugin v21.8 - https:\/\/yoast.com\/wordpress\/plugins\/seo\/ -->\n<title>Explorando oportunidades creativas: cont\u00e1ctame<\/title>\n<meta name=\"description\" content=\"Contacta conmigo y comencemos explorando oportunidades creativas juntos. Descubre c\u00f3mo podemos colaborar para dar vida a ideas \u00fanicas.\" \/>\n<meta name=\"robots\" content=\"index, follow, max-snippet:-1, max-image-preview:large, max-video-preview:-1\" \/>\n<link rel=\"canonical\" href=\"https:\/\/blopezartist.com\/index.php\/contacto-explorando-oportunidades-creativas\/\" \/>\n<meta property=\"og:locale\" content=\"en_US\" \/>\n<meta property=\"og:type\" content=\"article\" \/>\n<meta property=\"og:title\" content=\"Explorando oportunidades creativas: cont\u00e1ctame\" \/>\n<meta property=\"og:description\" content=\"Contacta conmigo y comencemos explorando oportunidades creativas juntos. Descubre c\u00f3mo podemos colaborar para dar vida a ideas \u00fanicas.\" \/>\n<meta property=\"og:url\" content=\"https:\/\/blopezartist.com\/index.php\/contacto-explorando-oportunidades-creativas\/\" \/>\n<meta property=\"og:site_name\" content=\"Blopez\" \/>\n<meta property=\"article:modified_time\" content=\"2024-01-13T12:09:26+00:00\" \/>\n<meta name=\"twitter:card\" content=\"summary_large_image\" \/>\n<meta name=\"twitter:label1\" content=\"Est. reading time\" \/>\n\t<meta name=\"twitter:data1\" content=\"1 minute\" \/>\n<script type=\"application\/ld+json\" class=\"yoast-schema-graph\">{\"@context\":\"https:\/\/schema.org\",\"@graph\":[{\"@type\":[\"WebPage\",\"ContactPage\"],\"@id\":\"https:\/\/blopezartist.com\/index.php\/contacto-explorando-oportunidades-creativas\/\",\"url\":\"https:\/\/blopezartist.com\/index.php\/contacto-explorando-oportunidades-creativas\/\",\"name\":\"Explorando oportunidades creativas: cont\u00e1ctame\",\"isPartOf\":{\"@id\":\"https:\/\/blopezartist.com\/#website\"},\"datePublished\":\"2024-01-11T19:52:48+00:00\",\"dateModified\":\"2024-01-13T12:09:26+00:00\",\"description\":\"Contacta conmigo y comencemos explorando oportunidades creativas juntos. Descubre c\u00f3mo podemos colaborar para dar vida a ideas \u00fanicas.\",\"breadcrumb\":{\"@id\":\"https:\/\/blopezartist.com\/index.php\/contacto-explorando-oportunidades-creativas\/#breadcrumb\"},\"inLanguage\":\"en-US\",\"potentialAction\":[{\"@type\":\"ReadAction\",\"target\":[\"https:\/\/blopezartist.com\/index.php\/contacto-explorando-oportunidades-creativas\/\"]}]},{\"@type\":\"BreadcrumbList\",\"@id\":\"https:\/\/blopezartist.com\/index.php\/contacto-explorando-oportunidades-creativas\/#breadcrumb\",\"itemListElement\":[{\"@type\":\"ListItem\",\"position\":1,\"name\":\"Portada\",\"item\":\"https:\/\/blopezartist.com\/\"},{\"@type\":\"ListItem\",\"position\":2,\"name\":\"Contacto\"}]},{\"@type\":\"WebSite\",\"@id\":\"https:\/\/blopezartist.com\/#website\",\"url\":\"https:\/\/blopezartist.com\/\",\"name\":\"Blopez\",\"description\":\"Portafolio\",\"potentialAction\":[{\"@type\":\"SearchAction\",\"target\":{\"@type\":\"EntryPoint\",\"urlTemplate\":\"https:\/\/blopezartist.com\/?s={search_term_string}\"},\"query-input\":\"required name=search_term_string\"}],\"inLanguage\":\"en-US\"}]}<\/script>\n<!-- \/ Yoast SEO plugin. -->","yoast_head_json":{"title":"Explorando oportunidades creativas: cont\u00e1ctame","description":"Contacta conmigo y comencemos explorando oportunidades creativas juntos. Descubre c\u00f3mo podemos colaborar para dar vida a ideas \u00fanicas.","robots":{"index":"index","follow":"follow","max-snippet":"max-snippet:-1","max-image-preview":"max-image-preview:large","max-video-preview":"max-video-preview:-1"},"canonical":"https:\/\/blopezartist.com\/index.php\/contacto-explorando-oportunidades-creativas\/","og_locale":"en_US","og_type":"article","og_title":"Explorando oportunidades creativas: cont\u00e1ctame","og_description":"Contacta conmigo y comencemos explorando oportunidades creativas juntos. Descubre c\u00f3mo podemos colaborar para dar vida a ideas \u00fanicas.","og_url":"https:\/\/blopezartist.com\/index.php\/contacto-explorando-oportunidades-creativas\/","og_site_name":"Blopez","article_modified_time":"2024-01-13T12:09:26+00:00","twitter_card":"summary_large_image","twitter_misc":{"Est. reading time":"1 minute"},"schema":{"@context":"https:\/\/schema.org","@graph":[{"@type":["WebPage","ContactPage"],"@id":"https:\/\/blopezartist.com\/index.php\/contacto-explorando-oportunidades-creativas\/","url":"https:\/\/blopezartist.com\/index.php\/contacto-explorando-oportunidades-creativas\/","name":"Explorando oportunidades creativas: cont\u00e1ctame","isPartOf":{"@id":"https:\/\/blopezartist.com\/#website"},"datePublished":"2024-01-11T19:52:48+00:00","dateModified":"2024-01-13T12:09:26+00:00","description":"Contacta conmigo y comencemos explorando oportunidades creativas juntos. Descubre c\u00f3mo podemos colaborar para dar vida a ideas \u00fanicas.","breadcrumb":{"@id":"https:\/\/blopezartist.com\/index.php\/contacto-explorando-oportunidades-creativas\/#breadcrumb"},"inLanguage":"en-US","potentialAction":[{"@type":"ReadAction","target":["https:\/\/blopezartist.com\/index.php\/contacto-explorando-oportunidades-creativas\/"]}]},{"@type":"BreadcrumbList","@id":"https:\/\/blopezartist.com\/index.php\/contacto-explorando-oportunidades-creativas\/#breadcrumb","itemListElement":[{"@type":"ListItem","position":1,"name":"Portada","item":"https:\/\/blopezartist.com\/"},{"@type":"ListItem","position":2,"name":"Contacto"}]},{"@type":"WebSite","@id":"https:\/\/blopezartist.com\/#website","url":"https:\/\/blopezartist.com\/","name":"Blopez","description":"Portafolio","potentialAction":[{"@type":"SearchAction","target":{"@type":"EntryPoint","urlTemplate":"https:\/\/blopezartist.com\/?s={search_term_string}"},"query-input":"required name=search_term_string"}],"inLanguage":"en-US"}]}},"_links":{"self":[{"href":"https:\/\/blopezartist.com\/index.php\/wp-json\/wp\/v2\/pages\/660","targetHints":{"allow":["GET"]}}],"collection":[{"href":"https:\/\/blopezartist.com\/index.php\/wp-json\/wp\/v2\/pages"}],"about":[{"href":"https:\/\/blopezartist.com\/index.php\/wp-json\/wp\/v2\/types\/page"}],"author":[{"embeddable":true,"href":"https:\/\/blopezartist.com\/index.php\/wp-json\/wp\/v2\/users\/1"}],"replies":[{"embeddable":true,"href":"https:\/\/blopezartist.com\/index.php\/wp-json\/wp\/v2\/comments?post=660"}],"version-history":[{"count":9,"href":"https:\/\/blopezartist.com\/index.php\/wp-json\/wp\/v2\/pages\/660\/revisions"}],"predecessor-version":[{"id":904,"href":"https:\/\/blopezartist.com\/index.php\/wp-json\/wp\/v2\/pages\/660\/revisions\/904"}],"wp:attachment":[{"href":"https:\/\/blopezartist.com\/index.php\/wp-json\/wp\/v2\/media?parent=660"}],"curies":[{"name":"wp","href":"https:\/\/api.w.org\/{rel}","templated":true}]}}