{"id":955,"date":"2024-01-14T09:12:04","date_gmt":"2024-01-14T08:12:04","guid":{"rendered":"https:\/\/blopezartist.com\/?page_id=955"},"modified":"2024-01-14T17:45:27","modified_gmt":"2024-01-14T16:45:27","slug":"blog-ideas-arte-diseno-innovadoras","status":"publish","type":"page","link":"https:\/\/blopezartist.com\/index.php\/blog-ideas-arte-diseno-innovadoras\/","title":{"rendered":"Blog"},"content":{"rendered":"<p>[et_pb_section fb_built=&#8221;1&#8243; custom_padding_last_edited=&#8221;on|tablet&#8221; admin_label=&#8221;Header&#8221; _builder_version=&#8221;4.23.4&#8243; _module_preset=&#8221;default&#8221; use_background_color_gradient=&#8221;on&#8221; background_color_gradient_stops=&#8221;#9ba9f1 0%|rgba(233,235,242,0.46) 99%&#8221; background_color_gradient_overlays_image=&#8221;on&#8221; background_image=&#8221;https:\/\/blopezartist.com\/wp-content\/uploads\/2024\/01\/ideas-arte-diseno-innovadoras-scaled.jpg&#8221; custom_padding=&#8221;20%||||false|false&#8221; custom_padding_tablet=&#8221;60px||||false|false&#8221; custom_padding_phone=&#8221;60px||||false|false&#8221; collapsed=&#8221;off&#8221; global_colors_info=&#8221;{}&#8221;][et_pb_row _builder_version=&#8221;4.18.0&#8243; _module_preset=&#8221;default&#8221; custom_padding=&#8221;||86px|||&#8221; global_colors_info=&#8221;{}&#8221;][et_pb_column type=&#8221;4_4&#8243; _builder_version=&#8221;4.18.0&#8243; _module_preset=&#8221;default&#8221; global_colors_info=&#8221;{}&#8221;][et_pb_text _builder_version=&#8221;4.23.4&#8243; _module_preset=&#8221;c16985e1-e0d6-4022-964d-e2bfc04fa633&#8243; header_font=&#8221;Montserrat||||||||&#8221; header_text_align=&#8221;center&#8221; header_text_color=&#8221;gcid-6171fd24-b893-4d22-843a-f4129850a5c1&#8243; header_font_size=&#8221;45px&#8221; header_line_height=&#8221;1.6em&#8221; header_2_font=&#8221;Montserrat||||||||&#8221; header_2_text_color=&#8221;#3851dc&#8221; header_2_line_height=&#8221;1.7em&#8221; text_orientation=&#8221;center&#8221; min_height=&#8221;271px&#8221; header_font_size_tablet=&#8221;40px&#8221; header_font_size_phone=&#8221;24px&#8221; header_font_size_last_edited=&#8221;on|phone&#8221; header_2_text_color_tablet=&#8221;#3851dc&#8221; header_2_text_color_phone=&#8221;#3851dc&#8221; header_2_text_color_last_edited=&#8221;on|phone&#8221; global_colors_info=&#8221;{%22gcid-6171fd24-b893-4d22-843a-f4129850a5c1%22:%91%22header_text_color%22%93}&#8221;]<\/p>\n<h1 style=\"text-align: center;\"><strong>Bienvenido a mi blog:<\/strong><\/h1>\n<h2 style=\"text-align: center;\"><span>tu fuente de inspiraci\u00f3n para ideas de arte y dise\u00f1o innovadoras. <\/span><\/h2>\n<p>[\/et_pb_text][\/et_pb_column][\/et_pb_row][et_pb_row _builder_version=&#8221;4.23.4&#8243; _module_preset=&#8221;default&#8221; custom_margin=&#8221;-30px|auto||auto||&#8221; custom_padding=&#8221;4px||70px|||&#8221; global_colors_info=&#8221;{}&#8221;][et_pb_column type=&#8221;4_4&#8243; _builder_version=&#8221;4.23.4&#8243; _module_preset=&#8221;default&#8221; global_colors_info=&#8221;{}&#8221;][et_pb_text _builder_version=&#8221;4.23.4&#8243; _module_preset=&#8221;default&#8221; text_font=&#8221;Montserrat||||||||&#8221; text_text_color=&#8221;#3851dc&#8221; text_font_size=&#8221;17px&#8221; background_color=&#8221;rgba(233,235,242,0.56)&#8221; custom_padding=&#8221;7px||7px||false|false&#8221; border_radii=&#8221;on|16px|16px|16px|16px&#8221; global_colors_info=&#8221;{}&#8221;]<\/p>\n<p style=\"text-align: center;\"><span>Explora conmigo las \u00faltimas tendencias, t\u00e9cnicas creativas y proyectos emocionantes que impulsar\u00e1n tu creatividad. <\/span><\/p>\n<p style=\"text-align: center;\"><span>Sum\u00e9rgete en un mundo de innovaci\u00f3n art\u00edstica y descubre c\u00f3mo transformar ideas en obras maestras.<\/span><\/p>\n<p>[\/et_pb_text][\/et_pb_column][\/et_pb_row][\/et_pb_section][et_pb_section fb_built=&#8221;1&#8243; admin_label=&#8221;Blog&#8221; _builder_version=&#8221;4.23.4&#8243; _module_preset=&#8221;default&#8221; background_color=&#8221;RGBA(255,255,255,0)&#8221; use_background_color_gradient=&#8221;on&#8221; background_color_gradient_stops=&#8221;#e9ebf2 0%|#9ba9f1 100%&#8221; collapsed=&#8221;off&#8221; global_colors_info=&#8221;{%22gcid-2cf18f4b-ad1d-4daf-a40a-75be4919065f%22:%91%22background_color%22%93}&#8221;][et_pb_row _builder_version=&#8221;4.18.0&#8243; _module_preset=&#8221;default&#8221; global_colors_info=&#8221;{}&#8221;][et_pb_column type=&#8221;4_4&#8243; _builder_version=&#8221;4.18.0&#8243; _module_preset=&#8221;default&#8221; global_colors_info=&#8221;{}&#8221;][et_pb_blog fullwidth=&#8221;off&#8221; posts_number=&#8221;6&#8243; include_categories=&#8221;1&#8243; show_categories=&#8221;off&#8221; masonry_tile_background_color=&#8221;RGBA(255,255,255,0)&#8221; _builder_version=&#8221;4.23.4&#8243; _module_preset=&#8221;c0f6872b-aed6-4b02-b0bd-4578d7529185&#8243; header_font=&#8221;Montserrat|600|||||||&#8221; header_text_color=&#8221;#3851dc&#8221; header_font_size=&#8221;20px&#8221; body_font=&#8221;Montserrat|300|||||||&#8221; body_text_color=&#8221;#3851dc&#8221; meta_font=&#8221;Montserrat|700||on|||||&#8221; meta_text_color=&#8221;#6c7dd9&#8243; meta_letter_spacing=&#8221;1px&#8221; read_more_font=&#8221;|700||on|||||&#8221; read_more_text_color=&#8221;rgba(255,255,255,0.4)&#8221; pagination_font=&#8221;Archivo|700||on|||||&#8221; pagination_text_color=&#8221;gcid-6171fd24-b893-4d22-843a-f4129850a5c1&#8243; pagination_letter_spacing=&#8221;1px&#8221; child_filter_saturate=&#8221;0%&#8221; hover_enabled=&#8221;0&#8243; header_font_size_tablet=&#8221;18px&#8221; header_font_size_phone=&#8221;16px&#8221; header_font_size_last_edited=&#8221;on|tablet&#8221; child_filter_saturate_tablet=&#8221;100%&#8221; child_filter_saturate_phone=&#8221;100%&#8221; child_filter_saturate_last_edited=&#8221;on|tablet&#8221; border_width_all=&#8221;0px&#8221; locked=&#8221;off&#8221; global_colors_info=&#8221;{%22gcid-55e89f59-bdfa-4c7c-a24f-b278f03ffe74%22:%91%22masonry_tile_background_color%22,%22masonry_tile_background_color%22,%22masonry_tile_background_color%22,%22masonry_tile_background_color%22,%22masonry_tile_background_color%22,%22masonry_tile_background_color%22,%22masonry_tile_background_color%22,%22masonry_tile_background_color%22,%22masonry_tile_background_color%22,%22masonry_tile_background_color%22,%22masonry_tile_background_color%22%93,%22gcid-1adb0c48-e943-4be8-b747-83127bdbd76c%22:%91%22body_text_color%22,%22meta_text_color%22,%22body_text_color%22,%22meta_text_color%22,%22body_text_color%22,%22meta_text_color%22,%22body_text_color%22,%22meta_text_color%22,%22body_text_color%22,%22meta_text_color%22,%22body_text_color%22,%22meta_text_color%22,%22body_text_color%22,%22meta_text_color%22,%22body_text_color%22,%22meta_text_color%22,%22body_text_color%22%93,%22gcid-6171fd24-b893-4d22-843a-f4129850a5c1%22:%91%22body_text_color%22,%22meta_text_color%22,%22pagination_text_color%22%93}&#8221; child_filter_saturate__hover_enabled=&#8221;on|desktop&#8221; child_filter_saturate__hover=&#8221;100%&#8221; show_date=&#8221;off&#8221; sticky_enabled=&#8221;0&#8243;][\/et_pb_blog][\/et_pb_column][\/et_pb_row][\/et_pb_section]<\/p>\n","protected":false},"excerpt":{"rendered":"<p>Bienvenido a mi blog: tu fuente de inspiraci\u00f3n para ideas de arte y dise\u00f1o innovadoras. Explora conmigo las \u00faltimas tendencias, t\u00e9cnicas creativas y proyectos emocionantes que impulsar\u00e1n tu creatividad. Sum\u00e9rgete en un mundo de innovaci\u00f3n art\u00edstica y descubre c\u00f3mo transformar ideas en obras maestras.<\/p>\n","protected":false},"author":1,"featured_media":0,"parent":0,"menu_order":0,"comment_status":"closed","ping_status":"closed","template":"","meta":{"_et_pb_use_builder":"on","_et_pb_old_content":"","_et_gb_content_width":"","_background_id":0,"_xo_background":[],"footnotes":""},"class_list":["post-955","page","type-page","status-publish","hentry"],"yoast_head":"<!-- This site is optimized with the Yoast SEO plugin v21.8 - https:\/\/yoast.com\/wordpress\/plugins\/seo\/ -->\n<title>Ideas de arte y dise\u00f1o innovadoras: inspiraci\u00f3n en cada post<\/title>\n<meta name=\"description\" content=\"Explora mi blog sobre ideas de arte y dise\u00f1o innovadoras, donde encontrar\u00e1s la inspiraci\u00f3n necesaria para potenciar tus propias creaciones\" \/>\n<meta name=\"robots\" content=\"index, follow, max-snippet:-1, max-image-preview:large, max-video-preview:-1\" \/>\n<link rel=\"canonical\" href=\"https:\/\/blopezartist.com\/index.php\/blog-ideas-arte-diseno-innovadoras\/\" \/>\n<meta property=\"og:locale\" content=\"en_US\" \/>\n<meta property=\"og:type\" content=\"article\" \/>\n<meta property=\"og:title\" content=\"Ideas de arte y dise\u00f1o innovadoras: inspiraci\u00f3n en cada post\" \/>\n<meta property=\"og:description\" content=\"Explora mi blog sobre ideas de arte y dise\u00f1o innovadoras, donde encontrar\u00e1s la inspiraci\u00f3n necesaria para potenciar tus propias creaciones\" \/>\n<meta property=\"og:url\" content=\"https:\/\/blopezartist.com\/index.php\/blog-ideas-arte-diseno-innovadoras\/\" \/>\n<meta property=\"og:site_name\" content=\"Blopez\" \/>\n<meta property=\"article:modified_time\" content=\"2024-01-14T16:45:27+00:00\" \/>\n<meta name=\"twitter:card\" content=\"summary_large_image\" \/>\n<script type=\"application\/ld+json\" class=\"yoast-schema-graph\">{\"@context\":\"https:\/\/schema.org\",\"@graph\":[{\"@type\":[\"WebPage\",\"ItemPage\"],\"@id\":\"https:\/\/blopezartist.com\/index.php\/blog-ideas-arte-diseno-innovadoras\/\",\"url\":\"https:\/\/blopezartist.com\/index.php\/blog-ideas-arte-diseno-innovadoras\/\",\"name\":\"Ideas de arte y dise\u00f1o innovadoras: inspiraci\u00f3n en cada post\",\"isPartOf\":{\"@id\":\"https:\/\/blopezartist.com\/#website\"},\"datePublished\":\"2024-01-14T08:12:04+00:00\",\"dateModified\":\"2024-01-14T16:45:27+00:00\",\"description\":\"Explora mi blog sobre ideas de arte y dise\u00f1o innovadoras, donde encontrar\u00e1s la inspiraci\u00f3n necesaria para potenciar tus propias creaciones\",\"breadcrumb\":{\"@id\":\"https:\/\/blopezartist.com\/index.php\/blog-ideas-arte-diseno-innovadoras\/#breadcrumb\"},\"inLanguage\":\"en-US\",\"potentialAction\":[{\"@type\":\"ReadAction\",\"target\":[\"https:\/\/blopezartist.com\/index.php\/blog-ideas-arte-diseno-innovadoras\/\"]}]},{\"@type\":\"BreadcrumbList\",\"@id\":\"https:\/\/blopezartist.com\/index.php\/blog-ideas-arte-diseno-innovadoras\/#breadcrumb\",\"itemListElement\":[{\"@type\":\"ListItem\",\"position\":1,\"name\":\"Portada\",\"item\":\"https:\/\/blopezartist.com\/\"},{\"@type\":\"ListItem\",\"position\":2,\"name\":\"Blog\"}]},{\"@type\":\"WebSite\",\"@id\":\"https:\/\/blopezartist.com\/#website\",\"url\":\"https:\/\/blopezartist.com\/\",\"name\":\"Blopez\",\"description\":\"Portafolio\",\"potentialAction\":[{\"@type\":\"SearchAction\",\"target\":{\"@type\":\"EntryPoint\",\"urlTemplate\":\"https:\/\/blopezartist.com\/?s={search_term_string}\"},\"query-input\":\"required name=search_term_string\"}],\"inLanguage\":\"en-US\"}]}<\/script>\n<!-- \/ Yoast SEO plugin. -->","yoast_head_json":{"title":"Ideas de arte y dise\u00f1o innovadoras: inspiraci\u00f3n en cada post","description":"Explora mi blog sobre ideas de arte y dise\u00f1o innovadoras, donde encontrar\u00e1s la inspiraci\u00f3n necesaria para potenciar tus propias creaciones","robots":{"index":"index","follow":"follow","max-snippet":"max-snippet:-1","max-image-preview":"max-image-preview:large","max-video-preview":"max-video-preview:-1"},"canonical":"https:\/\/blopezartist.com\/index.php\/blog-ideas-arte-diseno-innovadoras\/","og_locale":"en_US","og_type":"article","og_title":"Ideas de arte y dise\u00f1o innovadoras: inspiraci\u00f3n en cada post","og_description":"Explora mi blog sobre ideas de arte y dise\u00f1o innovadoras, donde encontrar\u00e1s la inspiraci\u00f3n necesaria para potenciar tus propias creaciones","og_url":"https:\/\/blopezartist.com\/index.php\/blog-ideas-arte-diseno-innovadoras\/","og_site_name":"Blopez","article_modified_time":"2024-01-14T16:45:27+00:00","twitter_card":"summary_large_image","schema":{"@context":"https:\/\/schema.org","@graph":[{"@type":["WebPage","ItemPage"],"@id":"https:\/\/blopezartist.com\/index.php\/blog-ideas-arte-diseno-innovadoras\/","url":"https:\/\/blopezartist.com\/index.php\/blog-ideas-arte-diseno-innovadoras\/","name":"Ideas de arte y dise\u00f1o innovadoras: inspiraci\u00f3n en cada post","isPartOf":{"@id":"https:\/\/blopezartist.com\/#website"},"datePublished":"2024-01-14T08:12:04+00:00","dateModified":"2024-01-14T16:45:27+00:00","description":"Explora mi blog sobre ideas de arte y dise\u00f1o innovadoras, donde encontrar\u00e1s la inspiraci\u00f3n necesaria para potenciar tus propias creaciones","breadcrumb":{"@id":"https:\/\/blopezartist.com\/index.php\/blog-ideas-arte-diseno-innovadoras\/#breadcrumb"},"inLanguage":"en-US","potentialAction":[{"@type":"ReadAction","target":["https:\/\/blopezartist.com\/index.php\/blog-ideas-arte-diseno-innovadoras\/"]}]},{"@type":"BreadcrumbList","@id":"https:\/\/blopezartist.com\/index.php\/blog-ideas-arte-diseno-innovadoras\/#breadcrumb","itemListElement":[{"@type":"ListItem","position":1,"name":"Portada","item":"https:\/\/blopezartist.com\/"},{"@type":"ListItem","position":2,"name":"Blog"}]},{"@type":"WebSite","@id":"https:\/\/blopezartist.com\/#website","url":"https:\/\/blopezartist.com\/","name":"Blopez","description":"Portafolio","potentialAction":[{"@type":"SearchAction","target":{"@type":"EntryPoint","urlTemplate":"https:\/\/blopezartist.com\/?s={search_term_string}"},"query-input":"required name=search_term_string"}],"inLanguage":"en-US"}]}},"_links":{"self":[{"href":"https:\/\/blopezartist.com\/index.php\/wp-json\/wp\/v2\/pages\/955","targetHints":{"allow":["GET"]}}],"collection":[{"href":"https:\/\/blopezartist.com\/index.php\/wp-json\/wp\/v2\/pages"}],"about":[{"href":"https:\/\/blopezartist.com\/index.php\/wp-json\/wp\/v2\/types\/page"}],"author":[{"embeddable":true,"href":"https:\/\/blopezartist.com\/index.php\/wp-json\/wp\/v2\/users\/1"}],"replies":[{"embeddable":true,"href":"https:\/\/blopezartist.com\/index.php\/wp-json\/wp\/v2\/comments?post=955"}],"version-history":[{"count":10,"href":"https:\/\/blopezartist.com\/index.php\/wp-json\/wp\/v2\/pages\/955\/revisions"}],"predecessor-version":[{"id":1131,"href":"https:\/\/blopezartist.com\/index.php\/wp-json\/wp\/v2\/pages\/955\/revisions\/1131"}],"wp:attachment":[{"href":"https:\/\/blopezartist.com\/index.php\/wp-json\/wp\/v2\/media?parent=955"}],"curies":[{"name":"wp","href":"https:\/\/api.w.org\/{rel}","templated":true}]}}